{"id":14,"date":"2015-12-16T17:46:20","date_gmt":"2015-12-16T16:46:20","guid":{"rendered":"http:\/\/www.mp-sophrologie-var.fr\/?page_id=14"},"modified":"2016-01-28T18:11:46","modified_gmt":"2016-01-28T17:11:46","slug":"sophrotherapie","status":"publish","type":"page","link":"https:\/\/www.mp-sophrologie-var.fr\/index.php\/sophrotherapie\/","title":{"rendered":"Sophroth\u00e9rapie"},"content":{"rendered":"<h3><img decoding=\"async\" loading=\"lazy\" class=\"wp-image-33 alignleft\" src=\"http:\/\/www.mp-sophrologie-var.fr\/wp-content\/uploads\/2015\/12\/IMAG1015_1-300x169.jpg\" alt=\"IMAG1015_1\" width=\"460\" height=\"259\" srcset=\"https:\/\/www.mp-sophrologie-var.fr\/wp-content\/uploads\/2015\/12\/IMAG1015_1-300x169.jpg 300w, https:\/\/www.mp-sophrologie-var.fr\/wp-content\/uploads\/2015\/12\/IMAG1015_1-768x433.jpg 768w, https:\/\/www.mp-sophrologie-var.fr\/wp-content\/uploads\/2015\/12\/IMAG1015_1-1024x577.jpg 1024w\" sizes=\"(max-width: 460px) 100vw, 460px\" \/><\/h3>\n<h3 style=\"text-align: justify;\">La Sophroth\u00e9rapie :<strong><u><br \/>\n<\/u><\/strong><\/h3>\n<p style=\"text-align: justify;\">La Sophroth\u00e9rapie associe au travail sophrologique, la dimension psychoth\u00e9rapeutique.<\/p>\n<p style=\"text-align: justify;\">Elle permet de faire des liens entre le v\u00e9cu pr\u00e9sent et l\u2019histoire personnelle. Tout au long l\u2019\u00e9coute du corps va \u00eatre primordiale (sensations, \u00e9motions, m\u00e9moires corporelles).<\/p>\n<p style=\"text-align: justify;\">En \u00e9tat modifi\u00e9 de conscience, il est possible de ramener des souvenirs du pass\u00e9, des perceptions rest\u00e9es dans l\u2019ombre et permettre la <strong>lib\u00e9ration \u00e9motionnelle<\/strong> de moments recouvr\u00e9s et de favoriser <strong>l\u2019apaisement int\u00e9rieur<\/strong>.<\/p>\n<p style=\"text-align: justify;\">Gr\u00e2ce au langage m\u00e9taphorique et symbolique, on atteint directement l\u2019inconscient o\u00f9 se cristallisent aussi bien les sch\u00e9mas positifs que n\u00e9gatifs. Le cerveau fonctionnant comme un ordinateur, on peut d\u00e9cider d\u2019\u00f4ter les sch\u00e9mas limitants, les pens\u00e9es n\u00e9gatives, les peurs paralysantes etc.\u2026 et reprogrammer un nouvel ancrage positif.<\/p>\n<p style=\"text-align: justify;\">Le but est d\u2019aller vers la compr\u00e9hension, l\u2019acceptation et une meilleure int\u00e9gration de diff\u00e9rentes informations formant le pilier de la conscience, ce qui permettra \u00e0 la personne de vivre alors dans une meilleure r\u00e9alit\u00e9, de <strong>retrouver sa paix int\u00e9rieure<\/strong> et d\u2019exploiter pleinement <strong>son potentiel<\/strong>.<\/p>\n<p style=\"text-align: justify;\">L\u2019autonomie est renforc\u00e9e gr\u00e2ce au travail personnel du patient.<\/p>\n<p style=\"text-align: justify;\">Ma pratique th\u00e9rapeutique s\u2019appuie notamment sur l\u2019\u00e9tat modifi\u00e9 de conscience, la sophrologie analytique, les exercices de pleine conscience \u00ab\u00a0Mindfullness \u00bb, la coh\u00e9rence cardiaque et les m\u00e9thodes de la Relation d\u2019aide.<\/p>\n<p>&nbsp;<\/p>\n","protected":false},"excerpt":{"rendered":"<p>La Sophroth\u00e9rapie : La Sophroth\u00e9rapie associe au travail sophrologique, la dimension psychoth\u00e9rapeutique. Elle permet de faire des liens entre le v\u00e9cu pr\u00e9sent et l\u2019histoire personnelle. Tout au long l\u2019\u00e9coute du corps va \u00eatre primordiale (sensations, \u00e9motions, m\u00e9moires corporelles). En \u00e9tat modifi\u00e9 de conscience, il est possible de ramener des souvenirs du pass\u00e9, des perceptions rest\u00e9es [&hellip;]<\/p>\n","protected":false},"author":1,"featured_media":0,"parent":0,"menu_order":0,"comment_status":"closed","ping_status":"closed","template":"","meta":[],"_links":{"self":[{"href":"https:\/\/www.mp-sophrologie-var.fr\/index.php\/wp-json\/wp\/v2\/pages\/14"}],"collection":[{"href":"https:\/\/www.mp-sophrologie-var.fr\/index.php\/wp-json\/wp\/v2\/pages"}],"about":[{"href":"https:\/\/www.mp-sophrologie-var.fr\/index.php\/wp-json\/wp\/v2\/types\/page"}],"author":[{"embeddable":true,"href":"https:\/\/www.mp-sophrologie-var.fr\/index.php\/wp-json\/wp\/v2\/users\/1"}],"replies":[{"embeddable":true,"href":"https:\/\/www.mp-sophrologie-var.fr\/index.php\/wp-json\/wp\/v2\/comments?post=14"}],"version-history":[{"count":18,"href":"https:\/\/www.mp-sophrologie-var.fr\/index.php\/wp-json\/wp\/v2\/pages\/14\/revisions"}],"predecessor-version":[{"id":299,"href":"https:\/\/www.mp-sophrologie-var.fr\/index.php\/wp-json\/wp\/v2\/pages\/14\/revisions\/299"}],"wp:attachment":[{"href":"https:\/\/www.mp-sophrologie-var.fr\/index.php\/wp-json\/wp\/v2\/media?parent=14"}],"curies":[{"name":"wp","href":"https:\/\/api.w.org\/{rel}","templated":true}]}}