{"id":18,"date":"2015-12-16T17:49:15","date_gmt":"2015-12-16T16:49:15","guid":{"rendered":"http:\/\/www.mp-sophrologie-var.fr\/?page_id=18"},"modified":"2016-01-21T11:53:45","modified_gmt":"2016-01-21T10:53:45","slug":"relation-daide","status":"publish","type":"page","link":"https:\/\/www.mp-sophrologie-var.fr\/index.php\/relation-daide\/","title":{"rendered":"Relation d&rsquo;Aide"},"content":{"rendered":"<h3>La Relation d\u2019Aide\u00a0:<\/h3>\n<p style=\"text-align: justify;\">C\u2019est Carl Rogers, un psychologue am\u00e9ricain, qui a d\u00e9velopp\u00e9 cette notion.\u00a0La relation d\u2019aide est une relation th\u00e9rapeutique au sein de laquelle l\u2019aidant est essentiellement tourn\u00e9 vers l\u2019autre, vers son v\u00e9cu, vers sa souffrance.<\/p>\n<p style=\"text-align: justify;\">Cette relation se d\u00e9veloppe au cours d\u2019un entretien visant la compr\u00e9hension profonde de ce que vit l\u2019aid\u00e9, de sa mani\u00e8re de comprendre sa situation et de percevoir les moyens dont il dispose pour r\u00e9soudre ses probl\u00e8mes et pour \u00e9voluer.<\/p>\n<p style=\"text-align: justify;\">Un des principes de base de la relation d&rsquo;aide est la mobilisation des ressources : la r\u00e9ponse doit venir du propre patient, non pas de solutions venues de l&rsquo;ext\u00e9rieur.<\/p>\n<p style=\"text-align: justify;\">La relation d&rsquo;aide est un \u00e9change \u00a0\u00e0 la fois verbal et non verbal qui favorise \u00a0la cr\u00e9ation d\u2019un climat de compr\u00e9hension et l\u2019apport d\u2019un soutien dont la personne a besoin au cours d\u2019une \u00e9preuve.<\/p>\n<p style=\"text-align: justify;\">L\u2019approche du th\u00e9rapeute passe par\u00a0: la pr\u00e9sence \u00e0 l\u2019autre, l\u2019\u00e9coute bienveillante, l\u2019acceptation inconditionnelle, le respect chaleureux, la compr\u00e9hension empathique, l\u2019authenticit\u00e9 spontan\u00e9e et la congruence. Sept concepts fondamentaux qui d\u00e9finissent en Sophrologie \u00ab\u00a0l\u2019Alliance\u00a0\u00bb le contrat de confiance entre le patient et son th\u00e9rapeute.<\/p>\n<p style=\"text-align: justify;\">Ainsi, comme dit Carl Rogers, dans son ouvrage \u00ab\u00a0l\u2019approche centr\u00e9e sur la personne\u00a0*\u00bb\u00a0:<\/p>\n<p style=\"text-align: justify;\">\u00ab\u00a0L\u2019aidant est assez passif de l\u2019ext\u00e9rieur, il sert de catalyseur et ne fait rien par lui-m\u00eame mais tout comme en chimie, sa pr\u00e9sence est indispensable pour que la r\u00e9action ait lieu.\u00a0\u00bb<\/p>\n<p style=\"text-align: justify;\">*Carl R.ROGERS\u00a0: \u00ab\u00a0L\u2019approche centr\u00e9e sur la personne\u00a0\u00bb Edition Randin 2001.<\/p>\n<p style=\"text-align: center;\">\n","protected":false},"excerpt":{"rendered":"<p>La Relation d\u2019Aide\u00a0: C\u2019est Carl Rogers, un psychologue am\u00e9ricain, qui a d\u00e9velopp\u00e9 cette notion.\u00a0La relation d\u2019aide est une relation th\u00e9rapeutique au sein de laquelle l\u2019aidant est essentiellement tourn\u00e9 vers l\u2019autre, vers son v\u00e9cu, vers sa souffrance. Cette relation se d\u00e9veloppe au cours d\u2019un entretien visant la compr\u00e9hension profonde de ce que vit l\u2019aid\u00e9, de sa [&hellip;]<\/p>\n","protected":false},"author":1,"featured_media":0,"parent":0,"menu_order":0,"comment_status":"closed","ping_status":"closed","template":"","meta":[],"_links":{"self":[{"href":"https:\/\/www.mp-sophrologie-var.fr\/index.php\/wp-json\/wp\/v2\/pages\/18"}],"collection":[{"href":"https:\/\/www.mp-sophrologie-var.fr\/index.php\/wp-json\/wp\/v2\/pages"}],"about":[{"href":"https:\/\/www.mp-sophrologie-var.fr\/index.php\/wp-json\/wp\/v2\/types\/page"}],"author":[{"embeddable":true,"href":"https:\/\/www.mp-sophrologie-var.fr\/index.php\/wp-json\/wp\/v2\/users\/1"}],"replies":[{"embeddable":true,"href":"https:\/\/www.mp-sophrologie-var.fr\/index.php\/wp-json\/wp\/v2\/comments?post=18"}],"version-history":[{"count":15,"href":"https:\/\/www.mp-sophrologie-var.fr\/index.php\/wp-json\/wp\/v2\/pages\/18\/revisions"}],"predecessor-version":[{"id":268,"href":"https:\/\/www.mp-sophrologie-var.fr\/index.php\/wp-json\/wp\/v2\/pages\/18\/revisions\/268"}],"wp:attachment":[{"href":"https:\/\/www.mp-sophrologie-var.fr\/index.php\/wp-json\/wp\/v2\/media?parent=18"}],"curies":[{"name":"wp","href":"https:\/\/api.w.org\/{rel}","templated":true}]}}