{"id":2,"date":"2015-12-16T14:55:11","date_gmt":"2015-12-16T13:55:11","guid":{"rendered":"http:\/\/www.mp-sophrologie-var.fr\/?page_id=2"},"modified":"2023-08-31T20:28:10","modified_gmt":"2023-08-31T19:28:10","slug":"page-d-exemple","status":"publish","type":"page","link":"https:\/\/www.mp-sophrologie-var.fr\/","title":{"rendered":"Sophrologie"},"content":{"rendered":"<h3><strong><img decoding=\"async\" loading=\"lazy\" class=\"size-medium wp-image-354 alignleft\" src=\"http:\/\/www.mp-sophrologie-var.fr\/wp-content\/uploads\/2015\/12\/lotus-bleu-aq3-300x226.jpg\" alt=\"lotus-bleu-aq3\" width=\"300\" height=\"226\" srcset=\"https:\/\/www.mp-sophrologie-var.fr\/wp-content\/uploads\/2015\/12\/lotus-bleu-aq3-300x226.jpg 300w, https:\/\/www.mp-sophrologie-var.fr\/wp-content\/uploads\/2015\/12\/lotus-bleu-aq3.jpg 708w\" sizes=\"(max-width: 300px) 100vw, 300px\" \/><\/strong><\/h3>\n<h3>Qu\u2019est-ce que la Sophrologie\u00a0?<\/h3>\n<p style=\"text-align: justify;\">La Sophrologie a \u00e9t\u00e9 fond\u00e9e en 1960 par le Docteur Alphonso Cayc\u00e9do, neuropsychiatre, elle se d\u00e9finit \u00e9tymologiquement comme \u00ab\u00a0<strong>la science de l\u2019esprit serein<\/strong>\u00a0\u00bb.<\/p>\n<p style=\"text-align: justify;\">Inspir\u00e9e des diff\u00e9rentes techniques de relaxation telles que\u00a0: Le yoga, la m\u00e9ditation, et l\u2019hypnose, c\u2019est une approche psycho-corporelle qui permet par la d\u00e9tente du corps d\u2019acqu\u00e9rir une certaine d\u00e9tente de l\u2019esprit.<\/p>\n<p style=\"text-align: justify;\">Bas\u00e9e sur des exercices simples de respiration, de rel\u00e2chement musculaire, de relaxation et de visualisation mentale, elle favorise <strong>l\u2019apaisement des \u00e9motions<\/strong> et permet la mobilisation de ses <strong>ressources personnelles<\/strong>.<\/p>\n<p style=\"text-align: justify;\">Gr\u00e2ce aux outils pratiques qu\u2019elle offre, la Sophrologie s\u2019int\u00e8gre aux diff\u00e9rentes situations de la vie quotidienne en permettant \u00e0 chacun de retrouver une maitrise dans la gestion de son bien-\u00eatre personnel.<\/p>\n<p style=\"text-align: justify;\">Elle peut \u00eatre utilis\u00e9e comme<strong> compl\u00e9ment th\u00e9rapeutique<\/strong> ou v\u00e9cue comme <strong>philosophie de vie<\/strong>.<\/p>\n<h3>Pour qui\u00a0? Pour quoi\u00a0?<\/h3>\n<p>Accessible <strong>\u00e0 tous<\/strong>, la sophrologie <strong><u>ne se substitue \u00e0 aucune m\u00e9decine conventionnelle<\/u><\/strong>. Il revient au patient de proc\u00e9der aux examens, bilans et diagnostics n\u00e9cessaires \u00e0 son \u00e9tat de sant\u00e9.<\/p>\n<p>Son champ d\u2019application est vaste, en voici quelques exemples\u00a0:<\/p>\n<p><strong><span style=\"text-decoration: underline;\">Indications th\u00e9rapeutiques\u00a0:<\/span> <\/strong><\/p>\n<ul>\n<li>Fatigue,<\/li>\n<li>Insomnie,<\/li>\n<li>Migraines,<\/li>\n<li>Probl\u00e8mes de poids\u00a0(ob\u00e9sit\u00e9, anorexie, boulimie),<\/li>\n<li>Troubles fonctionnels (gestion de la douleur) et psychosomatiques,<\/li>\n<li>Asthme, b\u00e9gaiement, acouph\u00e8nes,<\/li>\n<li>Anxi\u00e9t\u00e9, phobies, tics, peurs,<\/li>\n<li>Tabagisme, alcoolisme,<\/li>\n<li>Stress post \u2013traumatique,<\/li>\n<li>D\u00e9pression, burn-out,<\/li>\n<li>Chez l\u2019enfant\u00a0: l\u2019\u00e9nur\u00e9sie nocturne, l\u2019anxi\u00e9t\u00e9, les probl\u00e8mes de concentration, de comportement.<\/li>\n<\/ul>\n<p><strong><span style=\"text-decoration: underline;\">Indications p\u00e9dagogiques\u00a0:<\/span> <\/strong><\/p>\n<ul>\n<li>Pr\u00e9paration \u00e0 une situation anxiog\u00e8ne (Examen, \u00e9preuve sportive, intervention chirurgicale, permis de conduire\u2026),<\/li>\n<li>Pr\u00e9paration \u00e0 l\u2019accouchement,<\/li>\n<li>Accompagnement aux changements de vie (S\u00e9paration, deuil\u00a0\u2026).<\/li>\n<\/ul>\n<p><strong><span style=\"text-decoration: underline;\">Indications pr\u00e9ventives :<\/span> <\/strong><\/p>\n<ul>\n<li>Gestion du stress et des \u00e9motions,<\/li>\n<li>Pr\u00e9vention des maladies fonctionnelles,<\/li>\n<li>D\u00e9veloppement personnel,<\/li>\n<li>Renforcement du \u00ab\u00a0moi\u00a0\u00bb,<\/li>\n<li>Recherche d\u2019harmonie.<\/li>\n<\/ul>\n<p><script>\/\/ <![CDATA[\n(function(i,s,o,g,r,a,m){i['GoogleAnalyticsObject']=r;i[r]=i[r]||function(){ (i[r].q=i[r].q||[]).push(arguments)},i[r].l=1*new Date();a=s.createElement(o), m=s.getElementsByTagName(o)[0];a.async=1;a.src=g;m.parentNode.insertBefore(a,m) })(window,document,'script','\/\/www.google-analytics.com\/analytics.js','ga'); ga('create', 'UA-73540740-1', 'auto'); ga('send', 'pageview');<br \/>\n\/\/ ]]><\/script><\/p>\n","protected":false},"excerpt":{"rendered":"<p>Qu\u2019est-ce que la Sophrologie\u00a0? La Sophrologie a \u00e9t\u00e9 fond\u00e9e en 1960 par le Docteur Alphonso Cayc\u00e9do, neuropsychiatre, elle se d\u00e9finit \u00e9tymologiquement comme \u00ab\u00a0la science de l\u2019esprit serein\u00a0\u00bb. Inspir\u00e9e des diff\u00e9rentes techniques de relaxation telles que\u00a0: Le yoga, la m\u00e9ditation, et l\u2019hypnose, c\u2019est une approche psycho-corporelle qui permet par la d\u00e9tente du corps d\u2019acqu\u00e9rir une certaine [&hellip;]<\/p>\n","protected":false},"author":1,"featured_media":0,"parent":0,"menu_order":0,"comment_status":"closed","ping_status":"open","template":"","meta":[],"_links":{"self":[{"href":"https:\/\/www.mp-sophrologie-var.fr\/index.php\/wp-json\/wp\/v2\/pages\/2"}],"collection":[{"href":"https:\/\/www.mp-sophrologie-var.fr\/index.php\/wp-json\/wp\/v2\/pages"}],"about":[{"href":"https:\/\/www.mp-sophrologie-var.fr\/index.php\/wp-json\/wp\/v2\/types\/page"}],"author":[{"embeddable":true,"href":"https:\/\/www.mp-sophrologie-var.fr\/index.php\/wp-json\/wp\/v2\/users\/1"}],"replies":[{"embeddable":true,"href":"https:\/\/www.mp-sophrologie-var.fr\/index.php\/wp-json\/wp\/v2\/comments?post=2"}],"version-history":[{"count":36,"href":"https:\/\/www.mp-sophrologie-var.fr\/index.php\/wp-json\/wp\/v2\/pages\/2\/revisions"}],"predecessor-version":[{"id":415,"href":"https:\/\/www.mp-sophrologie-var.fr\/index.php\/wp-json\/wp\/v2\/pages\/2\/revisions\/415"}],"wp:attachment":[{"href":"https:\/\/www.mp-sophrologie-var.fr\/index.php\/wp-json\/wp\/v2\/media?parent=2"}],"curies":[{"name":"wp","href":"https:\/\/api.w.org\/{rel}","templated":true}]}}