{"id":22,"date":"2015-12-16T17:51:07","date_gmt":"2015-12-16T16:51:07","guid":{"rendered":"http:\/\/www.mp-sophrologie-var.fr\/?page_id=22"},"modified":"2023-08-31T20:40:26","modified_gmt":"2023-08-31T19:40:26","slug":"deroulement-dune-seance","status":"publish","type":"page","link":"https:\/\/www.mp-sophrologie-var.fr\/index.php\/deroulement-dune-seance\/","title":{"rendered":"D\u00e9roulement d&rsquo;une s\u00e9ance"},"content":{"rendered":"<h3><img decoding=\"async\" loading=\"lazy\" class=\"size-medium wp-image-286 alignleft\" src=\"http:\/\/www.mp-sophrologie-var.fr\/wp-content\/uploads\/2015\/12\/deroulement-dune-s\u00e9ance-300x268.jpg\" alt=\"deroulement d'une s\u00e9ance\" width=\"300\" height=\"268\" srcset=\"https:\/\/www.mp-sophrologie-var.fr\/wp-content\/uploads\/2015\/12\/deroulement-dune-s\u00e9ance-300x268.jpg 300w, https:\/\/www.mp-sophrologie-var.fr\/wp-content\/uploads\/2015\/12\/deroulement-dune-s\u00e9ance.jpg 550w\" sizes=\"(max-width: 300px) 100vw, 300px\" \/><\/h3>\n<h3>\u0099- S\u00e9ance de Sophrologie<\/h3>\n<p style=\"text-align: justify;\"><strong>La premi\u00e8re s\u00e9ance <\/strong>commence par une discussion afin de faire connaissance avec son patient, r\u00e9pondre \u00e0 ses interrogations et cibler sa demande principale.<\/p>\n<p style=\"text-align: justify;\">Apr\u00e8s \u00e9laboration d\u2019un plan d\u2019action en commun, les suivantes d\u00e9marrent par un premier temps d\u2019\u00e9change.<\/p>\n<p style=\"text-align: justify;\"><strong>La deuxi\u00e8me partie<\/strong> est compos\u00e9e d\u2019exercices de relaxation dynamique associ\u00e9s \u00e0 la respiration et de sophronisation avec visualisation en \u00e9tat modifi\u00e9 de conscience, guid\u00e9s par la voix du Sophrologue.<\/p>\n<p style=\"text-align: justify;\"><strong>La derni\u00e8re partie<\/strong> consiste \u00e0 recueillir les informations sur le v\u00e9cu de la s\u00e9ance par le patient (Images, pens\u00e9es, \u00e9motions, sensations) permettant d\u2019\u00e9valuer la pertinence de la technique choisie et son effet sur le patient afin de pr\u00e9parer au mieux la prochaine rencontre.<\/p>\n<p style=\"text-align: justify;\">En moyenne, <strong>il faut compter 6 \u00e0 10 s\u00e9ances<\/strong> pour un accompagnement efficace.<\/p>\n<p style=\"text-align: justify;\">Dur\u00e9e : 1h<\/p>\n<h3>\u0099- Sophroth\u00e9rapie<\/h3>\n<p>Elle se d\u00e9roule de la m\u00eame mani\u00e8re mais peut durer plus longtemps\u00a0: environ 1h30<\/p>\n<h3>&#8211; Groupe sur demande<\/h3>\n<p>Environ 1h30<\/p>\n<p><img decoding=\"async\" loading=\"lazy\" class=\"wp-image-358 aligncenter\" src=\"http:\/\/www.mp-sophrologie-var.fr\/wp-content\/uploads\/2015\/12\/gestes-barriere-300x73.jpg\" alt=\"\" width=\"493\" height=\"120\" srcset=\"https:\/\/www.mp-sophrologie-var.fr\/wp-content\/uploads\/2015\/12\/gestes-barriere-300x73.jpg 300w, https:\/\/www.mp-sophrologie-var.fr\/wp-content\/uploads\/2015\/12\/gestes-barriere.jpg 609w\" sizes=\"(max-width: 493px) 100vw, 493px\" \/><\/p>\n<p><strong>Les consultations continuent en pr\u00e9sentiel sur rendez-vous dans le respect des consignes sanitaires\u00a0 de s\u00e9curit\u00e9.<\/strong><\/p>\n<p><strong>En compl\u00e9ment des gestes<\/strong> barri\u00e8res,<strong> du gel hydro alcoolique est \u00e0 disposition, le cabinet est a\u00e9r\u00e9 et d\u00e9sinfect\u00e9 avant et apr\u00e8s chaque client. S\u00e9ance possible en ext\u00e9rieur si le temps le permet.<\/strong><\/p>\n<p style=\"text-align: center;\"><a href=\"http:\/\/www.mp-sophrologie-var.fr\/index.php\/legislation\/\" target=\"_blank\" rel=\"noopener\">Cliquez ici pour d\u00e9couvrir le code de d\u00e9ontologie du Sophrologue <\/a><\/p>\n","protected":false},"excerpt":{"rendered":"<p>\u0099- S\u00e9ance de Sophrologie La premi\u00e8re s\u00e9ance commence par une discussion afin de faire connaissance avec son patient, r\u00e9pondre \u00e0 ses interrogations et cibler sa demande principale. Apr\u00e8s \u00e9laboration d\u2019un plan d\u2019action en commun, les suivantes d\u00e9marrent par un premier temps d\u2019\u00e9change. La deuxi\u00e8me partie est compos\u00e9e d\u2019exercices de relaxation dynamique associ\u00e9s \u00e0 la respiration [&hellip;]<\/p>\n","protected":false},"author":1,"featured_media":0,"parent":0,"menu_order":0,"comment_status":"closed","ping_status":"closed","template":"","meta":[],"_links":{"self":[{"href":"https:\/\/www.mp-sophrologie-var.fr\/index.php\/wp-json\/wp\/v2\/pages\/22"}],"collection":[{"href":"https:\/\/www.mp-sophrologie-var.fr\/index.php\/wp-json\/wp\/v2\/pages"}],"about":[{"href":"https:\/\/www.mp-sophrologie-var.fr\/index.php\/wp-json\/wp\/v2\/types\/page"}],"author":[{"embeddable":true,"href":"https:\/\/www.mp-sophrologie-var.fr\/index.php\/wp-json\/wp\/v2\/users\/1"}],"replies":[{"embeddable":true,"href":"https:\/\/www.mp-sophrologie-var.fr\/index.php\/wp-json\/wp\/v2\/comments?post=22"}],"version-history":[{"count":36,"href":"https:\/\/www.mp-sophrologie-var.fr\/index.php\/wp-json\/wp\/v2\/pages\/22\/revisions"}],"predecessor-version":[{"id":418,"href":"https:\/\/www.mp-sophrologie-var.fr\/index.php\/wp-json\/wp\/v2\/pages\/22\/revisions\/418"}],"wp:attachment":[{"href":"https:\/\/www.mp-sophrologie-var.fr\/index.php\/wp-json\/wp\/v2\/media?parent=22"}],"curies":[{"name":"wp","href":"https:\/\/api.w.org\/{rel}","templated":true}]}}