{"id":24,"date":"2015-12-16T17:51:54","date_gmt":"2015-12-16T16:51:54","guid":{"rendered":"http:\/\/www.mp-sophrologie-var.fr\/?page_id=24"},"modified":"2023-02-01T20:47:15","modified_gmt":"2023-02-01T19:47:15","slug":"tarifs","status":"publish","type":"page","link":"https:\/\/www.mp-sophrologie-var.fr\/index.php\/tarifs\/","title":{"rendered":"Tarifs"},"content":{"rendered":"<p>Retrouvez sur cette page toutes les informations sur mes tarifs :<\/p>\n<h2>Tarifs s\u00e9ance Sophrologie<\/h2>\n<ul>\n<li>\n<h3>Adultes : 60 \u20ac <em>(1h)<\/em><\/h3>\n<\/li>\n<li>\n<h3>Enfants\u00a0: 45 \u20ac <em>(Entre 30 et 45 min) + Debriefing<br \/>\n<\/em><\/h3>\n<\/li>\n<\/ul>\n<p><a href=\"http:\/\/www.mp-sophrologie-var.fr\/\" target=\"_blank\" rel=\"noopener\">Tout sur la Sophrologie ici<\/a><\/p>\n<h2>S\u00e9ance \u0099Sophroth\u00e9rapie<u> <\/u><\/h2>\n<ul>\n<li>\n<h3>Adultes : 65 \u20ac <em>(1h30)<\/em><\/h3>\n<\/li>\n<\/ul>\n<p><a href=\"http:\/\/www.mp-sophrologie-var.fr\/index.php\/sophrotherapie\/\" target=\"_blank\" rel=\"noopener\">Tout sur la Sophroth\u00e9rapie ici <\/a><\/p>\n<h2>S\u00e9ance de groupe sur demande<strong>\u00a0<\/strong><\/h2>\n<ul>\n<li>\n<h3>12 \u20ac\/personne &#8211; Maximum 5 personnes <em>(1h30)<\/em><strong><br \/>\n<\/strong><\/h3>\n<\/li>\n<\/ul>\n<h2>Forfait suppl\u00e9mentaire<u> <\/u><\/h2>\n<ul>\n<li>\n<h3>D\u00e9placement dans un rayon de 35 kms\u00a0: 10 \u20ac<strong><br \/>\n<\/strong><\/h3>\n<\/li>\n<\/ul>\n<p><img decoding=\"async\" loading=\"lazy\" class=\"wp-image-288 aligncenter\" src=\"http:\/\/www.mp-sophrologie-var.fr\/wp-content\/uploads\/2015\/12\/tarifs-295x300.jpg\" alt=\"tarifs\" width=\"160\" height=\"163\" srcset=\"https:\/\/www.mp-sophrologie-var.fr\/wp-content\/uploads\/2015\/12\/tarifs-295x300.jpg 295w, https:\/\/www.mp-sophrologie-var.fr\/wp-content\/uploads\/2015\/12\/tarifs.jpg 516w\" sizes=\"(max-width: 160px) 100vw, 160px\" \/><\/p>\n<p style=\"text-align: center;\">Prise en charge\u00a0 :<\/p>\n<p style=\"text-align: center;\">Un nombre croissant de mutuelles prennent en charge les s\u00e9ances de soins propos\u00e9es par des m\u00e9decines douces, souvent sous la forme de forfait annuel, selon les organismes cette prise en charge est partielle et dans le meilleur des cas totale. Renseignez-vous !<\/p>\n<p style=\"text-align: center;\">Votre Sophrologue pourra vous remettre une facture vous permettant la prise en charge et le remboursement des s\u00e9ances.<\/p>\n","protected":false},"excerpt":{"rendered":"<p>Retrouvez sur cette page toutes les informations sur mes tarifs : Tarifs s\u00e9ance Sophrologie Adultes : 60 \u20ac (1h) Enfants\u00a0: 45 \u20ac (Entre 30 et 45 min) + Debriefing Tout sur la Sophrologie ici S\u00e9ance \u0099Sophroth\u00e9rapie Adultes : 65 \u20ac (1h30) Tout sur la Sophroth\u00e9rapie ici S\u00e9ance de groupe sur demande\u00a0 12 \u20ac\/personne &#8211; Maximum [&hellip;]<\/p>\n","protected":false},"author":1,"featured_media":0,"parent":0,"menu_order":0,"comment_status":"closed","ping_status":"closed","template":"","meta":[],"_links":{"self":[{"href":"https:\/\/www.mp-sophrologie-var.fr\/index.php\/wp-json\/wp\/v2\/pages\/24"}],"collection":[{"href":"https:\/\/www.mp-sophrologie-var.fr\/index.php\/wp-json\/wp\/v2\/pages"}],"about":[{"href":"https:\/\/www.mp-sophrologie-var.fr\/index.php\/wp-json\/wp\/v2\/types\/page"}],"author":[{"embeddable":true,"href":"https:\/\/www.mp-sophrologie-var.fr\/index.php\/wp-json\/wp\/v2\/users\/1"}],"replies":[{"embeddable":true,"href":"https:\/\/www.mp-sophrologie-var.fr\/index.php\/wp-json\/wp\/v2\/comments?post=24"}],"version-history":[{"count":34,"href":"https:\/\/www.mp-sophrologie-var.fr\/index.php\/wp-json\/wp\/v2\/pages\/24\/revisions"}],"predecessor-version":[{"id":379,"href":"https:\/\/www.mp-sophrologie-var.fr\/index.php\/wp-json\/wp\/v2\/pages\/24\/revisions\/379"}],"wp:attachment":[{"href":"https:\/\/www.mp-sophrologie-var.fr\/index.php\/wp-json\/wp\/v2\/media?parent=24"}],"curies":[{"name":"wp","href":"https:\/\/api.w.org\/{rel}","templated":true}]}}