{"id":26,"date":"2015-12-16T17:52:36","date_gmt":"2015-12-16T16:52:36","guid":{"rendered":"http:\/\/www.mp-sophrologie-var.fr\/?page_id=26"},"modified":"2022-08-03T17:26:32","modified_gmt":"2022-08-03T16:26:32","slug":"contact","status":"publish","type":"page","link":"https:\/\/www.mp-sophrologie-var.fr\/index.php\/contact\/","title":{"rendered":"Contact"},"content":{"rendered":"<h4 style=\"text-align: left;\">Pour toute demande de contact, n&rsquo;h\u00e9sitez pas \u00e0 remplir le formulaire ci-dessous :<\/h4>\n<p style=\"text-align: center;\">[contact-form-7 id=\u00a0\u00bb98&Prime; title=\u00a0\u00bbcontact sophro\u00a0\u00bb]<\/p>\n<p><script>\/\/ <![CDATA[\nfunction onClick(e) { e.preventDefault(); grecaptcha.ready(function() { grecaptcha.execute('6LeZ7tkZAAAAAOfBZPZFUjxG3Olsz_HCnI6AS4Or', {action: 'submit'}).then(function(token) { \/\/ Add your logic to submit to your backend server here. }); }); }\n\/\/ ]]><\/script><\/p>\n<h4 style=\"text-align: center;\">Adresse : 271 Chemin du XV\u00e8me Corps, 83340 CABASSE<\/h4>\n<p style=\"text-align: center;\">[mapsmarker marker=\u00a0\u00bb2&Prime;]<\/p>\n<p><span style=\"text-decoration: underline;\">En arrivant de Flassans\/Le Luc\/Carc\u00e8s\u00a0:<\/span><\/p>\n<p>Dans le centre du village, prendre direction Brignoles.<\/p>\n<p>A la sortie du village apr\u00e8s l\u2019abri-bus des Vannaux, prendre \u00e0 droite l\u2019avenue de la R\u00e9sistance, puis \u00e0 gauche direction Chemin du XV \u00e8me Corps et continuer jusqu\u2019au num\u00e9ro 271 en haut de la mont\u00e9e.<\/p>\n<p><span style=\"text-decoration: underline;\">En arrivant de Brignoles\u00a0:<\/span><\/p>\n<p>A 400 m apr\u00e8s l\u2019entr\u00e9e du village, tournez \u00e0 gauche avant l\u2019abri-bus des Vannaux et prendre l\u2019avenue de la r\u00e9sistance puis direction Chemin du XV\u00e8me Corps \u00e0 gauche et tout droit jusqu\u2019au num\u00e9ro 271 en haut de la mont\u00e9e.<\/p>\n<p>Vous \u00eates arriv\u00e9s.<\/p>\n<p>&nbsp;<\/p>\n<p><img decoding=\"async\" loading=\"lazy\" class=\" wp-image-345 aligncenter\" src=\"http:\/\/www.mp-sophrologie-var.fr\/wp-content\/uploads\/2015\/12\/IMAG3152_11-300x208.jpg\" alt=\"IMAG3152_1[1]\" width=\"617\" height=\"428\" srcset=\"https:\/\/www.mp-sophrologie-var.fr\/wp-content\/uploads\/2015\/12\/IMAG3152_11-300x208.jpg 300w, https:\/\/www.mp-sophrologie-var.fr\/wp-content\/uploads\/2015\/12\/IMAG3152_11-768x531.jpg 768w, https:\/\/www.mp-sophrologie-var.fr\/wp-content\/uploads\/2015\/12\/IMAG3152_11.jpg 912w\" sizes=\"(max-width: 617px) 100vw, 617px\" \/><\/p>\n<p style=\"text-align: justify;\">Afin de respecter la loi concernant la protection des donn\u00e9es, vos coordonn\u00e9es restent confidentielles et ne sont\u00a0 communiqu\u00e9es \u00e0 aucun autre organisme. Elles sont uniquement conserv\u00e9es le temps de votre th\u00e9rapie et\/ou de nos \u00e9changes et peuvent \u00eatre supprim\u00e9es sur simple demande de votre part dans la rubrique commentaire. Aucune donn\u00e9e n\u2019est utilis\u00e9e pour des fins de service, de personnalisation ou publicitaire.<\/p>\n<p style=\"text-align: justify;\">Les liens\u00a0 propos\u00e9s vers d\u2019autres sites\u00a0 ind\u00e9pendants ne contr\u00f4lent pas ces sites. Ces liens ne constituent, en aucun cas, une approbation ou un partenariat et ne sauraient \u00eatre responsables de leurs contenus, leurs produits, leurs publicit\u00e9s ou tous \u00e9l\u00e9ments ou services pr\u00e9sent\u00e9s sur ces sites. Pour rappel, les sites affili\u00e9s ou non-affili\u00e9s sont soumis \u00e0 leurs propres conditions d\u2019utilisation et de protection des donn\u00e9es personnelles.<\/p>\n","protected":false},"excerpt":{"rendered":"<p>Pour toute demande de contact, n&rsquo;h\u00e9sitez pas \u00e0 remplir le formulaire ci-dessous : [contact-form-7 id=\u00a0\u00bb98&Prime; title=\u00a0\u00bbcontact sophro\u00a0\u00bb] Adresse : 271 Chemin du XV\u00e8me Corps, 83340 CABASSE [mapsmarker marker=\u00a0\u00bb2&Prime;] En arrivant de Flassans\/Le Luc\/Carc\u00e8s\u00a0: Dans le centre du village, prendre direction Brignoles. A la sortie du village apr\u00e8s l\u2019abri-bus des Vannaux, prendre \u00e0 droite l\u2019avenue de [&hellip;]<\/p>\n","protected":false},"author":1,"featured_media":0,"parent":0,"menu_order":0,"comment_status":"closed","ping_status":"closed","template":"","meta":[],"_links":{"self":[{"href":"https:\/\/www.mp-sophrologie-var.fr\/index.php\/wp-json\/wp\/v2\/pages\/26"}],"collection":[{"href":"https:\/\/www.mp-sophrologie-var.fr\/index.php\/wp-json\/wp\/v2\/pages"}],"about":[{"href":"https:\/\/www.mp-sophrologie-var.fr\/index.php\/wp-json\/wp\/v2\/types\/page"}],"author":[{"embeddable":true,"href":"https:\/\/www.mp-sophrologie-var.fr\/index.php\/wp-json\/wp\/v2\/users\/1"}],"replies":[{"embeddable":true,"href":"https:\/\/www.mp-sophrologie-var.fr\/index.php\/wp-json\/wp\/v2\/comments?post=26"}],"version-history":[{"count":55,"href":"https:\/\/www.mp-sophrologie-var.fr\/index.php\/wp-json\/wp\/v2\/pages\/26\/revisions"}],"predecessor-version":[{"id":378,"href":"https:\/\/www.mp-sophrologie-var.fr\/index.php\/wp-json\/wp\/v2\/pages\/26\/revisions\/378"}],"wp:attachment":[{"href":"https:\/\/www.mp-sophrologie-var.fr\/index.php\/wp-json\/wp\/v2\/media?parent=26"}],"curies":[{"name":"wp","href":"https:\/\/api.w.org\/{rel}","templated":true}]}}