{"id":382,"date":"2023-08-31T18:33:45","date_gmt":"2023-08-31T17:33:45","guid":{"rendered":"http:\/\/www.mp-sophrologie-var.fr\/?page_id=382"},"modified":"2023-08-31T18:42:52","modified_gmt":"2023-08-31T17:42:52","slug":"le-reiki","status":"publish","type":"page","link":"https:\/\/www.mp-sophrologie-var.fr\/index.php\/le-reiki\/","title":{"rendered":"Le Reiki"},"content":{"rendered":"\n<p class=\"has-black-color has-text-color\">Qu\u2019est-ce que le REIKI ?<\/p>\n\n\n\n<p class=\"has-black-color has-text-color\">REIKI signifie en japonais \u00ab l\u2019\u00e9nergie de l\u2019esprit, l\u2019\u00e9nergie spirituelle \u00bb<\/p>\n\n\n\n<p class=\"has-black-color has-text-color\">Le Reiki a \u00e9t\u00e9 d\u00e9couvert vers 1920 et adapt\u00e9 par un moine japonais, le Docteur MIKAO USUI (1865-1926).<\/p>\n\n\n\n<p class=\"has-black-color has-text-color\">Cette pratique vise \u00e0 \u00e9quilibrer les \u00e9nergies de la personne install\u00e9e dans un \u00e9tat de relaxation m\u00e9ditative, gr\u00e2ce \u00e0 l\u2019imposition des mains sur diff\u00e9rentes parties du corps afin de tendre vers un apaisement profond et durable au niveau de son physique, de son psychisme et de son \u00e9motionnel.<\/p>\n\n\n\n<p class=\"has-black-color has-text-color\">Le toucher sur les points sp\u00e9cifiques du circuit \u00e9nerg\u00e9tique permet l\u2019\u00e9mergence du potentiel des ressources personnelles de gu\u00e9rison du patient et instaure une meilleure circulation et \u00e9quilibrage de l\u2019\u00e9nergie du corps.<\/p>\n\n\n\n<p class=\"has-black-color has-text-color\">Il en d\u00e9coule une immunit\u00e9 renforc\u00e9e permettant \u00e0 l\u2019individu de conserver ou d\u2019am\u00e9liorer son \u00e9tat g\u00e9n\u00e9ral de sant\u00e9 ainsi qu\u2019un potentiel de gu\u00e9rison optimis\u00e9 pr\u00eat \u00e0 \u00eatre mis \u00e0 disposition lors d\u2019accident ou de maladie de la vie.<\/p>\n\n\n\n<p class=\"has-black-color has-text-color\">C\u2019est une v\u00e9ritable pratique holistique et spirituelle, bas\u00e9e sur le physique, le psychique et l&rsquo;\u00e9nerg\u00e9tique. Comme toutes les d\u00e9marches de pr\u00e9vention, elle agit sur les causes qui d\u00e9clenchent les effets. Si la cause s&rsquo;arr\u00eate, l&rsquo;effet aussi.<\/p>\n\n\n\n<p class=\"has-black-color has-text-color\">Pour arr\u00eater la cause et rendre durable le r\u00e9sultat obtenu, une r\u00e9gularit\u00e9 de 4-5 s\u00e9ances rapproch\u00e9es, par exemple \u00e0 raison d&rsquo;une \u00e0 deux fois par mois, est vivement conseill\u00e9e.<\/p>\n\n\n\n<p class=\"has-black-color has-text-color\">A qui s&rsquo;adressent les s\u00e9ances de Reiki ?<\/p>\n\n\n\n<p class=\"has-black-color has-text-color\">Le Reiki est une pratique la\u00efque et agnostique enti\u00e8rement bas\u00e9e sur le fonctionnement naturel de l\u2019\u00eatre humain.<\/p>\n\n\n\n<p class=\"has-black-color has-text-color\">Les s\u00e9ances s\u2019adressent \u00e0 tous &#8211; enfants, adultes, femmes enceintes, personnes \u00e2g\u00e9es, ind\u00e9pendamment de toute culture, confession, conception de vie en compl\u00e9ment de tout traitement m\u00e9dical traditionnel. Il ne s\u2019y substitue en aucun cas.<\/p>\n\n\n\n<p class=\"has-black-color has-text-color\">Comment se d\u00e9roule une s\u00e9ance de Reiki Usui ?<\/p>\n\n\n\n<p class=\"has-black-color has-text-color\">Entretien de d\u00e9but de s\u00e9ance : Avant chaque s\u00e9ance le praticien s\u2019entretient avec le receveur pour expliquer en quelques mots ce qu\u2019est le Reiki et comment va se d\u00e9rouler la s\u00e9ance. \u00c9galement, il pourra d\u00e9terminer avec lui la nature des tensions, ainsi que les raisons de sa visite et de ses attentes.<\/p>\n\n\n\n<p class=\"has-black-color has-text-color\">La mise en place : Le receveur reste habill\u00e9 et s\u2019allonge sur une table de massage. Apr\u00e8s s\u2019\u00eatre confortablement install\u00e9 une couverture \u00e0 disposition, il pourra se laisser aller \u00e0 la d\u00e9tente, les yeux ferm\u00e9s.<\/p>\n\n\n\n<p class=\"has-black-color has-text-color\">Le soin \u00e9nerg\u00e9tique proprement dit commence avec l\u2019imposition des mains pendant quelques minutes sur chaque partie du corps. Une s\u00e9ance de Reiki couvrira tous les organes du corps. Durant cette p\u00e9riode des r\u00e9actions corporelles peuvent survenir (chaleur, picotements, sensations diverses personnelles physiques mais aussi \u00e9motionnelles avec quelques larmes lib\u00e9ratrices parfois qu\u2019il convient de laisser couler)<\/p>\n\n\n\n<p class=\"has-black-color has-text-color\">Dialogue de fin de s\u00e9ance : Une fois le soin termin\u00e9 et apr\u00e8s un temps de pause n\u00e9cessaire pour reprendre conscience et r\u00e9int\u00e9grer son corps, le receveur pourra s\u2019entretenir avec le th\u00e9rapeute afin d\u2019exprimer ses ressentis et \u00e9changer sur ses questionnements \u00e9ventuels.<\/p>\n\n\n\n<p class=\"has-black-color has-text-color\">M\u00eame s\u2019il n\u2019a rien ressenti de sp\u00e9cial, l\u2019\u00e9nergie a fait son travail et peut se manifester encore pendant les jours suivants ce qui pourra \u00eatre relat\u00e9 lors du prochain entretien. D\u2019une mani\u00e8re globale c\u2019est un ressenti de profonde d\u00e9tente, de bien-\u00eatre et de l\u00e2cher prise qui d\u00e9coule du soin et qui perdure dans le temps.<\/p>\n\n\n\n<p class=\"has-black-color has-text-color\">Tarif :<\/p>\n\n\n\n<p class=\"has-black-color has-text-color\">Dur\u00e9e 1heure environ 60\u20ac<\/p>\n\n\n\n<p><\/p>\n\n\n\n<figure class=\"wp-block-image size-full\"><img decoding=\"async\" loading=\"lazy\" width=\"159\" height=\"318\" src=\"http:\/\/www.mp-sophrologie-var.fr\/wp-content\/uploads\/2023\/08\/symbole-reiki.png\" alt=\"\" class=\"wp-image-386\" srcset=\"https:\/\/www.mp-sophrologie-var.fr\/wp-content\/uploads\/2023\/08\/symbole-reiki.png 159w, https:\/\/www.mp-sophrologie-var.fr\/wp-content\/uploads\/2023\/08\/symbole-reiki-150x300.png 150w\" sizes=\"(max-width: 159px) 100vw, 159px\" \/><\/figure>\n","protected":false},"excerpt":{"rendered":"<p>Qu\u2019est-ce que le REIKI ? REIKI signifie en japonais \u00ab l\u2019\u00e9nergie de l\u2019esprit, l\u2019\u00e9nergie spirituelle \u00bb Le Reiki a \u00e9t\u00e9 d\u00e9couvert vers 1920 et adapt\u00e9 par un moine japonais, le Docteur MIKAO USUI (1865-1926). Cette pratique vise \u00e0 \u00e9quilibrer les \u00e9nergies de la personne install\u00e9e dans un \u00e9tat de relaxation m\u00e9ditative, gr\u00e2ce \u00e0 l\u2019imposition des [&hellip;]<\/p>\n","protected":false},"author":1,"featured_media":0,"parent":0,"menu_order":0,"comment_status":"closed","ping_status":"closed","template":"","meta":[],"_links":{"self":[{"href":"https:\/\/www.mp-sophrologie-var.fr\/index.php\/wp-json\/wp\/v2\/pages\/382"}],"collection":[{"href":"https:\/\/www.mp-sophrologie-var.fr\/index.php\/wp-json\/wp\/v2\/pages"}],"about":[{"href":"https:\/\/www.mp-sophrologie-var.fr\/index.php\/wp-json\/wp\/v2\/types\/page"}],"author":[{"embeddable":true,"href":"https:\/\/www.mp-sophrologie-var.fr\/index.php\/wp-json\/wp\/v2\/users\/1"}],"replies":[{"embeddable":true,"href":"https:\/\/www.mp-sophrologie-var.fr\/index.php\/wp-json\/wp\/v2\/comments?post=382"}],"version-history":[{"count":3,"href":"https:\/\/www.mp-sophrologie-var.fr\/index.php\/wp-json\/wp\/v2\/pages\/382\/revisions"}],"predecessor-version":[{"id":387,"href":"https:\/\/www.mp-sophrologie-var.fr\/index.php\/wp-json\/wp\/v2\/pages\/382\/revisions\/387"}],"wp:attachment":[{"href":"https:\/\/www.mp-sophrologie-var.fr\/index.php\/wp-json\/wp\/v2\/media?parent=382"}],"curies":[{"name":"wp","href":"https:\/\/api.w.org\/{rel}","templated":true}]}}